{"id":189,"date":"2025-03-18T17:00:04","date_gmt":"2025-03-18T17:00:04","guid":{"rendered":"https:\/\/quintadaqueiro.com\/as-casas\/"},"modified":"2025-12-30T13:37:48","modified_gmt":"2025-12-30T13:37:48","slug":"as-casas","status":"publish","type":"page","link":"https:\/\/quintadaqueiro.com\/en\/as-casas\/","title":{"rendered":"The Houses"},"content":{"rendered":"","protected":false},"excerpt":{"rendered":"","protected":false},"author":1,"featured_media":474,"parent":0,"menu_order":0,"comment_status":"closed","ping_status":"closed","template":"template-ascasas.php","meta":{"footnotes":""},"class_list":["post-189","page","type-page","status-publish","has-post-thumbnail","hentry"],"acf":[],"yoast_head":"<!-- This site is optimized with the Yoast SEO Premium plugin v21.3 (Yoast SEO v21.3) - https:\/\/yoast.com\/wordpress\/plugins\/seo\/ -->\n<title>The Houses - Quinta da Queir\u00f3- Empreendimento tur\u00edstico nas Sete Cidades, A\u00e7ores<\/title>\n<meta name=\"description\" content=\"The Houses: Queir\u00f3 Farm is a tourist complex consisting of several fully equipped houses to welcome you on your dream vacation!\" \/>\n<meta name=\"robots\" content=\"index, follow, max-snippet:-1, max-image-preview:large, max-video-preview:-1\" \/>\n<link rel=\"canonical\" href=\"https:\/\/quintadaqueiro.com\/en\/as-casas\/\" \/>\n<meta property=\"og:locale\" content=\"en_US\" \/>\n<meta property=\"og:type\" content=\"article\" \/>\n<meta property=\"og:title\" content=\"The Houses\" \/>\n<meta property=\"og:description\" content=\"The Houses: Queir\u00f3 Farm is a tourist complex consisting of several fully equipped houses to welcome you on your dream vacation!\" \/>\n<meta property=\"og:url\" content=\"https:\/\/quintadaqueiro.com\/en\/as-casas\/\" \/>\n<meta property=\"og:site_name\" content=\"Quinta da Queir\u00f3- Empreendimento tur\u00edstico nas Sete Cidades, A\u00e7ores\" \/>\n<meta property=\"article:modified_time\" content=\"2025-12-30T13:37:48+00:00\" \/>\n<meta property=\"og:image\" content=\"https:\/\/quintadaqueiro.com\/wp-content\/uploads\/2025\/12\/255175508.jpg\" \/>\n\t<meta property=\"og:image:width\" content=\"1024\" \/>\n\t<meta property=\"og:image:height\" content=\"683\" \/>\n\t<meta property=\"og:image:type\" content=\"image\/jpeg\" \/>\n<meta name=\"twitter:card\" content=\"summary_large_image\" \/>\n<script type=\"application\/ld+json\" class=\"yoast-schema-graph\">{\"@context\":\"https:\/\/schema.org\",\"@graph\":[{\"@type\":\"WebPage\",\"@id\":\"https:\/\/quintadaqueiro.com\/en\/as-casas\/\",\"url\":\"https:\/\/quintadaqueiro.com\/en\/as-casas\/\",\"name\":\"The Houses - Quinta da Queir\u00f3- Empreendimento tur\u00edstico nas Sete Cidades, A\u00e7ores\",\"isPartOf\":{\"@id\":\"https:\/\/quintadaqueiro.com\/#website\"},\"datePublished\":\"2025-03-18T17:00:04+00:00\",\"dateModified\":\"2025-12-30T13:37:48+00:00\",\"description\":\"The Houses: Queir\u00f3 Farm is a tourist complex consisting of several fully equipped houses to welcome you on your dream vacation!\",\"breadcrumb\":{\"@id\":\"https:\/\/quintadaqueiro.com\/en\/as-casas\/#breadcrumb\"},\"inLanguage\":\"en-US\",\"potentialAction\":[{\"@type\":\"ReadAction\",\"target\":[\"https:\/\/quintadaqueiro.com\/en\/as-casas\/\"]}]},{\"@type\":\"BreadcrumbList\",\"@id\":\"https:\/\/quintadaqueiro.com\/en\/as-casas\/#breadcrumb\",\"itemListElement\":[{\"@type\":\"ListItem\",\"position\":1,\"name\":\"Home\",\"item\":\"https:\/\/quintadaqueiro.com\/en\/home\/\"},{\"@type\":\"ListItem\",\"position\":2,\"name\":\"The Houses\"}]},{\"@type\":\"WebSite\",\"@id\":\"https:\/\/quintadaqueiro.com\/#website\",\"url\":\"https:\/\/quintadaqueiro.com\/\",\"name\":\"Quinta da Queir\u00f3- Empreendimento tur\u00edstico nas Sete Cidades, A\u00e7ores\",\"description\":\"A Quinta da Queir\u00f3 \u00e9 um empreendimento de Turismo em Espa\u00e7o Rural_Casas de Campo, com caracter\u00edsticas \u00fanicas nas Sete Cidades.\",\"potentialAction\":[{\"@type\":\"SearchAction\",\"target\":{\"@type\":\"EntryPoint\",\"urlTemplate\":\"https:\/\/quintadaqueiro.com\/?s={search_term_string}\"},\"query-input\":\"required name=search_term_string\"}],\"inLanguage\":\"en-US\"}]}<\/script>\n<!-- \/ Yoast SEO Premium plugin. -->","yoast_head_json":{"title":"The Houses - Quinta da Queir\u00f3- Empreendimento tur\u00edstico nas Sete Cidades, A\u00e7ores","description":"The Houses: Queir\u00f3 Farm is a tourist complex consisting of several fully equipped houses to welcome you on your dream vacation!","robots":{"index":"index","follow":"follow","max-snippet":"max-snippet:-1","max-image-preview":"max-image-preview:large","max-video-preview":"max-video-preview:-1"},"canonical":"https:\/\/quintadaqueiro.com\/en\/as-casas\/","og_locale":"en_US","og_type":"article","og_title":"The Houses","og_description":"The Houses: Queir\u00f3 Farm is a tourist complex consisting of several fully equipped houses to welcome you on your dream vacation!","og_url":"https:\/\/quintadaqueiro.com\/en\/as-casas\/","og_site_name":"Quinta da Queir\u00f3- Empreendimento tur\u00edstico nas Sete Cidades, A\u00e7ores","article_modified_time":"2025-12-30T13:37:48+00:00","og_image":[{"width":1024,"height":683,"url":"https:\/\/quintadaqueiro.com\/wp-content\/uploads\/2025\/12\/255175508.jpg","type":"image\/jpeg"}],"twitter_card":"summary_large_image","schema":{"@context":"https:\/\/schema.org","@graph":[{"@type":"WebPage","@id":"https:\/\/quintadaqueiro.com\/en\/as-casas\/","url":"https:\/\/quintadaqueiro.com\/en\/as-casas\/","name":"The Houses - Quinta da Queir\u00f3- Empreendimento tur\u00edstico nas Sete Cidades, A\u00e7ores","isPartOf":{"@id":"https:\/\/quintadaqueiro.com\/#website"},"datePublished":"2025-03-18T17:00:04+00:00","dateModified":"2025-12-30T13:37:48+00:00","description":"The Houses: Queir\u00f3 Farm is a tourist complex consisting of several fully equipped houses to welcome you on your dream vacation!","breadcrumb":{"@id":"https:\/\/quintadaqueiro.com\/en\/as-casas\/#breadcrumb"},"inLanguage":"en-US","potentialAction":[{"@type":"ReadAction","target":["https:\/\/quintadaqueiro.com\/en\/as-casas\/"]}]},{"@type":"BreadcrumbList","@id":"https:\/\/quintadaqueiro.com\/en\/as-casas\/#breadcrumb","itemListElement":[{"@type":"ListItem","position":1,"name":"Home","item":"https:\/\/quintadaqueiro.com\/en\/home\/"},{"@type":"ListItem","position":2,"name":"The Houses"}]},{"@type":"WebSite","@id":"https:\/\/quintadaqueiro.com\/#website","url":"https:\/\/quintadaqueiro.com\/","name":"Quinta da Queir\u00f3- Empreendimento tur\u00edstico nas Sete Cidades, A\u00e7ores","description":"A Quinta da Queir\u00f3 \u00e9 um empreendimento de Turismo em Espa\u00e7o Rural_Casas de Campo, com caracter\u00edsticas \u00fanicas nas Sete Cidades.","potentialAction":[{"@type":"SearchAction","target":{"@type":"EntryPoint","urlTemplate":"https:\/\/quintadaqueiro.com\/?s={search_term_string}"},"query-input":"required name=search_term_string"}],"inLanguage":"en-US"}]}},"_links":{"self":[{"href":"https:\/\/quintadaqueiro.com\/en\/wp-json\/wp\/v2\/pages\/189","targetHints":{"allow":["GET"]}}],"collection":[{"href":"https:\/\/quintadaqueiro.com\/en\/wp-json\/wp\/v2\/pages"}],"about":[{"href":"https:\/\/quintadaqueiro.com\/en\/wp-json\/wp\/v2\/types\/page"}],"author":[{"embeddable":true,"href":"https:\/\/quintadaqueiro.com\/en\/wp-json\/wp\/v2\/users\/1"}],"replies":[{"embeddable":true,"href":"https:\/\/quintadaqueiro.com\/en\/wp-json\/wp\/v2\/comments?post=189"}],"version-history":[{"count":2,"href":"https:\/\/quintadaqueiro.com\/en\/wp-json\/wp\/v2\/pages\/189\/revisions"}],"predecessor-version":[{"id":196,"href":"https:\/\/quintadaqueiro.com\/en\/wp-json\/wp\/v2\/pages\/189\/revisions\/196"}],"wp:featuredmedia":[{"embeddable":true,"href":"https:\/\/quintadaqueiro.com\/en\/wp-json\/wp\/v2\/media\/474"}],"wp:attachment":[{"href":"https:\/\/quintadaqueiro.com\/en\/wp-json\/wp\/v2\/media?parent=189"}],"curies":[{"name":"wp","href":"https:\/\/api.w.org\/{rel}","templated":true}]}}