{"id":193,"date":"2025-03-18T17:00:25","date_gmt":"2025-03-18T17:00:25","guid":{"rendered":"https:\/\/quintadaqueiro.com\/casa-de-cha\/"},"modified":"2025-12-30T13:35:12","modified_gmt":"2025-12-30T13:35:12","slug":"casa-de-cha","status":"publish","type":"page","link":"https:\/\/quintadaqueiro.com\/en\/casa-de-cha\/","title":{"rendered":"Tea House"},"content":{"rendered":"<h2>Traditional Flavors in a Cozy Environment<\/h2>\n<p>&nbsp;<\/p>\n<p>The tea room appears in this development as a space to promote the traditional flavors of confectionery and bakery, teas, liqueurs, among other unique products of this region served for breakfast, snacks or picnics. Its main aim is to promote regional products as well as national products. In this space, customers are welcomed into a room with a comfortable atmosphere, always decorated with natural flowers according to the time and season of the year, as well as festive days to be celebrated. In this room, the presence of wood is a constant, as well as the handiwork of artisans in some of the ornaments\/props to be used, such as towels to protect bread baskets, biscuit boxes, tray bottoms, among others. The living room has a wood-burning fireplace, which is lit whenever necessary in order to provide more comfort and well-being for those who visit us. Our products are tasted in a calm, welcoming, family atmosphere, where music is a constant. If you prefer, you can enjoy an outdoor terrace, covered or not, adjacent to the tea room. The products sold are made in the restaurant&#8217;s kitchen using fresh, quality products, typical of each season and characteristic of our region.<\/p>\n","protected":false},"excerpt":{"rendered":"<p>Traditional Flavors in a Cozy Environment &nbsp; The tea room appears in this development as a space to promote the traditional flavors of confectionery and bakery, teas, liqueurs, among other unique products of this region served for breakfast, snacks or picnics. Its main aim is to promote regional products as well as national products. In [&hellip;]<\/p>\n","protected":false},"author":1,"featured_media":712,"parent":0,"menu_order":0,"comment_status":"closed","ping_status":"closed","template":"template-casadecha.php","meta":{"footnotes":""},"class_list":["post-193","page","type-page","status-publish","has-post-thumbnail","hentry"],"acf":[],"yoast_head":"<!-- This site is optimized with the Yoast SEO Premium plugin v21.3 (Yoast SEO v21.3) - https:\/\/yoast.com\/wordpress\/plugins\/seo\/ -->\n<title>Tea House - Quinta da Queir\u00f3- Empreendimento tur\u00edstico nas Sete Cidades, A\u00e7ores<\/title>\n<meta name=\"description\" content=\"Tea House: we have a dining room where we serve the finest delicacies of the Azores in an indescribable comfort. Visit us!\" \/>\n<meta name=\"robots\" content=\"index, follow, max-snippet:-1, max-image-preview:large, max-video-preview:-1\" \/>\n<link rel=\"canonical\" href=\"https:\/\/quintadaqueiro.com\/en\/casa-de-cha\/\" \/>\n<meta property=\"og:locale\" content=\"en_US\" \/>\n<meta property=\"og:type\" content=\"article\" \/>\n<meta property=\"og:title\" content=\"Tea House\" \/>\n<meta property=\"og:description\" content=\"Tea House: we have a dining room where we serve the finest delicacies of the Azores in an indescribable comfort. Visit us!\" \/>\n<meta property=\"og:url\" content=\"https:\/\/quintadaqueiro.com\/en\/casa-de-cha\/\" \/>\n<meta property=\"og:site_name\" content=\"Quinta da Queir\u00f3- Empreendimento tur\u00edstico nas Sete Cidades, A\u00e7ores\" \/>\n<meta property=\"article:modified_time\" content=\"2025-12-30T13:35:12+00:00\" \/>\n<meta property=\"og:image\" content=\"https:\/\/quintadaqueiro.com\/wp-content\/uploads\/2025\/12\/2017-qq-6313-scaled.jpg\" \/>\n\t<meta property=\"og:image:width\" content=\"2560\" \/>\n\t<meta property=\"og:image:height\" content=\"1709\" \/>\n\t<meta property=\"og:image:type\" content=\"image\/jpeg\" \/>\n<meta name=\"twitter:card\" content=\"summary_large_image\" \/>\n<meta name=\"twitter:label1\" content=\"Est. reading time\" \/>\n\t<meta name=\"twitter:data1\" content=\"2 minutes\" \/>\n<script type=\"application\/ld+json\" class=\"yoast-schema-graph\">{\"@context\":\"https:\/\/schema.org\",\"@graph\":[{\"@type\":\"WebPage\",\"@id\":\"https:\/\/quintadaqueiro.com\/en\/casa-de-cha\/\",\"url\":\"https:\/\/quintadaqueiro.com\/en\/casa-de-cha\/\",\"name\":\"Tea House - Quinta da Queir\u00f3- Empreendimento tur\u00edstico nas Sete Cidades, A\u00e7ores\",\"isPartOf\":{\"@id\":\"https:\/\/quintadaqueiro.com\/#website\"},\"datePublished\":\"2025-03-18T17:00:25+00:00\",\"dateModified\":\"2025-12-30T13:35:12+00:00\",\"description\":\"Tea House: we have a dining room where we serve the finest delicacies of the Azores in an indescribable comfort. Visit us!\",\"breadcrumb\":{\"@id\":\"https:\/\/quintadaqueiro.com\/en\/casa-de-cha\/#breadcrumb\"},\"inLanguage\":\"en-US\",\"potentialAction\":[{\"@type\":\"ReadAction\",\"target\":[\"https:\/\/quintadaqueiro.com\/en\/casa-de-cha\/\"]}]},{\"@type\":\"BreadcrumbList\",\"@id\":\"https:\/\/quintadaqueiro.com\/en\/casa-de-cha\/#breadcrumb\",\"itemListElement\":[{\"@type\":\"ListItem\",\"position\":1,\"name\":\"Home\",\"item\":\"https:\/\/quintadaqueiro.com\/en\/home\/\"},{\"@type\":\"ListItem\",\"position\":2,\"name\":\"Tea House\"}]},{\"@type\":\"WebSite\",\"@id\":\"https:\/\/quintadaqueiro.com\/#website\",\"url\":\"https:\/\/quintadaqueiro.com\/\",\"name\":\"Quinta da Queir\u00f3- Empreendimento tur\u00edstico nas Sete Cidades, A\u00e7ores\",\"description\":\"A Quinta da Queir\u00f3 \u00e9 um empreendimento de Turismo em Espa\u00e7o Rural_Casas de Campo, com caracter\u00edsticas \u00fanicas nas Sete Cidades.\",\"potentialAction\":[{\"@type\":\"SearchAction\",\"target\":{\"@type\":\"EntryPoint\",\"urlTemplate\":\"https:\/\/quintadaqueiro.com\/?s={search_term_string}\"},\"query-input\":\"required name=search_term_string\"}],\"inLanguage\":\"en-US\"}]}<\/script>\n<!-- \/ Yoast SEO Premium plugin. -->","yoast_head_json":{"title":"Tea House - Quinta da Queir\u00f3- Empreendimento tur\u00edstico nas Sete Cidades, A\u00e7ores","description":"Tea House: we have a dining room where we serve the finest delicacies of the Azores in an indescribable comfort. Visit us!","robots":{"index":"index","follow":"follow","max-snippet":"max-snippet:-1","max-image-preview":"max-image-preview:large","max-video-preview":"max-video-preview:-1"},"canonical":"https:\/\/quintadaqueiro.com\/en\/casa-de-cha\/","og_locale":"en_US","og_type":"article","og_title":"Tea House","og_description":"Tea House: we have a dining room where we serve the finest delicacies of the Azores in an indescribable comfort. Visit us!","og_url":"https:\/\/quintadaqueiro.com\/en\/casa-de-cha\/","og_site_name":"Quinta da Queir\u00f3- Empreendimento tur\u00edstico nas Sete Cidades, A\u00e7ores","article_modified_time":"2025-12-30T13:35:12+00:00","og_image":[{"width":2560,"height":1709,"url":"https:\/\/quintadaqueiro.com\/wp-content\/uploads\/2025\/12\/2017-qq-6313-scaled.jpg","type":"image\/jpeg"}],"twitter_card":"summary_large_image","twitter_misc":{"Est. reading time":"2 minutes"},"schema":{"@context":"https:\/\/schema.org","@graph":[{"@type":"WebPage","@id":"https:\/\/quintadaqueiro.com\/en\/casa-de-cha\/","url":"https:\/\/quintadaqueiro.com\/en\/casa-de-cha\/","name":"Tea House - Quinta da Queir\u00f3- Empreendimento tur\u00edstico nas Sete Cidades, A\u00e7ores","isPartOf":{"@id":"https:\/\/quintadaqueiro.com\/#website"},"datePublished":"2025-03-18T17:00:25+00:00","dateModified":"2025-12-30T13:35:12+00:00","description":"Tea House: we have a dining room where we serve the finest delicacies of the Azores in an indescribable comfort. Visit us!","breadcrumb":{"@id":"https:\/\/quintadaqueiro.com\/en\/casa-de-cha\/#breadcrumb"},"inLanguage":"en-US","potentialAction":[{"@type":"ReadAction","target":["https:\/\/quintadaqueiro.com\/en\/casa-de-cha\/"]}]},{"@type":"BreadcrumbList","@id":"https:\/\/quintadaqueiro.com\/en\/casa-de-cha\/#breadcrumb","itemListElement":[{"@type":"ListItem","position":1,"name":"Home","item":"https:\/\/quintadaqueiro.com\/en\/home\/"},{"@type":"ListItem","position":2,"name":"Tea House"}]},{"@type":"WebSite","@id":"https:\/\/quintadaqueiro.com\/#website","url":"https:\/\/quintadaqueiro.com\/","name":"Quinta da Queir\u00f3- Empreendimento tur\u00edstico nas Sete Cidades, A\u00e7ores","description":"A Quinta da Queir\u00f3 \u00e9 um empreendimento de Turismo em Espa\u00e7o Rural_Casas de Campo, com caracter\u00edsticas \u00fanicas nas Sete Cidades.","potentialAction":[{"@type":"SearchAction","target":{"@type":"EntryPoint","urlTemplate":"https:\/\/quintadaqueiro.com\/?s={search_term_string}"},"query-input":"required name=search_term_string"}],"inLanguage":"en-US"}]}},"_links":{"self":[{"href":"https:\/\/quintadaqueiro.com\/en\/wp-json\/wp\/v2\/pages\/193","targetHints":{"allow":["GET"]}}],"collection":[{"href":"https:\/\/quintadaqueiro.com\/en\/wp-json\/wp\/v2\/pages"}],"about":[{"href":"https:\/\/quintadaqueiro.com\/en\/wp-json\/wp\/v2\/types\/page"}],"author":[{"embeddable":true,"href":"https:\/\/quintadaqueiro.com\/en\/wp-json\/wp\/v2\/users\/1"}],"replies":[{"embeddable":true,"href":"https:\/\/quintadaqueiro.com\/en\/wp-json\/wp\/v2\/comments?post=193"}],"version-history":[{"count":3,"href":"https:\/\/quintadaqueiro.com\/en\/wp-json\/wp\/v2\/pages\/193\/revisions"}],"predecessor-version":[{"id":420,"href":"https:\/\/quintadaqueiro.com\/en\/wp-json\/wp\/v2\/pages\/193\/revisions\/420"}],"wp:featuredmedia":[{"embeddable":true,"href":"https:\/\/quintadaqueiro.com\/en\/wp-json\/wp\/v2\/media\/712"}],"wp:attachment":[{"href":"https:\/\/quintadaqueiro.com\/en\/wp-json\/wp\/v2\/media?parent=193"}],"curies":[{"name":"wp","href":"https:\/\/api.w.org\/{rel}","templated":true}]}}