{"id":200,"date":"2025-03-18T16:59:40","date_gmt":"2025-03-18T16:59:40","guid":{"rendered":"https:\/\/quintadaqueiro.com\/a-quinta\/"},"modified":"2025-12-30T13:37:01","modified_gmt":"2025-12-30T13:37:01","slug":"a-quinta","status":"publish","type":"page","link":"https:\/\/quintadaqueiro.com\/en\/a-quinta\/","title":{"rendered":"The Farm"},"content":{"rendered":"<h2>In the mystique of the mist\u2026<\/h2>\n<p>&nbsp;<\/p>\n<p>Rural tourism Country Houses category<\/p>\n<p>This tourist development is the result of the renovation of a family home belonging to the entrepreneurs&#8217; paternal grandparents, whose main activity was agriculture, located on a street called Rua da Queir\u00f3 due to the endemic plant queir\u00f3, whose scientific name is Calluna vulgaris, which was prevalent in this location in the past. In the renovation of the main house, as well as the different infrastructures that served as support for the various tasks inherent to agricultural production, the intention was to rehabilitate the existing architecture, maintaining both the original design and volumes, using traditional materials and introducing new constructions in order to improve the living conditions and well-being of those who visit us. The interventions in the various spaces clearly aim to create a fusion between the rustic, evident in the initial construction, and the contemporary, without leaving behind small details that indicate the experiences lived by all those who made up the generations that lived in this place.<\/p>\n<p>The surrounding land has been landscaped and well-lit, with a mix of ornamental plants, some of which are endemic, fruit trees that make up the typical orchards found in the backyards of the houses in this rural area, an educational vegetable garden and a chicken coop.<\/p>\n<p>The interior decoration uses traditional antique furniture belonging to the family, which has been duly restored, along with other more contemporary touches, in an attempt to portray authenticity without neglecting the comfort inherent to this type of development. The developers also value sustainable development and, as such, renewable energy will be present in the development through wood-fired fireplaces, with heat recovery for the bedrooms in order to avoid unnecessary electricity costs. With the same purpose, all the machines in the development were chosen based on their low energy consumption.<\/p>\n<p>In this development, associated with the accommodation, a space was built from scratch consisting of a tea room, open to the public, where, for example, breakfast will be served to the occupants of the accommodation units. A rustic kitchen with a wood-burning oven, which will serve as support for the tea room and another room called the events room. Also in this building, a third space was built \u2013 a themed room, where throughout the year the different seasons, festivities and traditions inherent to the culture of the Setes Cidades and the Azores in general will be portrayed.<\/p>\n","protected":false},"excerpt":{"rendered":"<p>In the mystique of the mist\u2026 &nbsp; Rural tourism Country Houses category This tourist development is the result of the renovation of a family home belonging to the entrepreneurs&#8217; paternal grandparents, whose main activity was agriculture, located on a street called Rua da Queir\u00f3 due to the endemic plant queir\u00f3, whose scientific name is Calluna [&hellip;]<\/p>\n","protected":false},"author":1,"featured_media":50,"parent":0,"menu_order":0,"comment_status":"closed","ping_status":"closed","template":"template-aquinta.php","meta":{"footnotes":""},"class_list":["post-200","page","type-page","status-publish","has-post-thumbnail","hentry"],"acf":[],"yoast_head":"<!-- This site is optimized with the Yoast SEO Premium plugin v21.3 (Yoast SEO v21.3) - https:\/\/yoast.com\/wordpress\/plugins\/seo\/ -->\n<title>The Farm - Quinta da Queir\u00f3- Empreendimento tur\u00edstico nas Sete Cidades, A\u00e7ores<\/title>\n<meta name=\"description\" content=\"The Farm: Rural tourism category Country Houses. Book your dream vacation now in Sete Cidades, S\u00e3o Miguel, Azores!\" \/>\n<meta name=\"robots\" content=\"index, follow, max-snippet:-1, max-image-preview:large, max-video-preview:-1\" \/>\n<link rel=\"canonical\" href=\"https:\/\/quintadaqueiro.com\/en\/a-quinta\/\" \/>\n<meta property=\"og:locale\" content=\"en_US\" \/>\n<meta property=\"og:type\" content=\"article\" \/>\n<meta property=\"og:title\" content=\"The Farm\" \/>\n<meta property=\"og:description\" content=\"The Farm: Rural tourism category Country Houses. Book your dream vacation now in Sete Cidades, S\u00e3o Miguel, Azores!\" \/>\n<meta property=\"og:url\" content=\"https:\/\/quintadaqueiro.com\/en\/a-quinta\/\" \/>\n<meta property=\"og:site_name\" content=\"Quinta da Queir\u00f3- Empreendimento tur\u00edstico nas Sete Cidades, A\u00e7ores\" \/>\n<meta property=\"article:modified_time\" content=\"2025-12-30T13:37:01+00:00\" \/>\n<meta property=\"og:image\" content=\"https:\/\/quintadaqueiro.com\/wp-content\/uploads\/2025\/03\/aquinta.jpg\" \/>\n\t<meta property=\"og:image:width\" content=\"1920\" \/>\n\t<meta property=\"og:image:height\" content=\"1039\" \/>\n\t<meta property=\"og:image:type\" content=\"image\/jpeg\" \/>\n<meta name=\"twitter:card\" content=\"summary_large_image\" \/>\n<meta name=\"twitter:label1\" content=\"Est. reading time\" \/>\n\t<meta name=\"twitter:data1\" content=\"3 minutes\" \/>\n<script type=\"application\/ld+json\" class=\"yoast-schema-graph\">{\"@context\":\"https:\/\/schema.org\",\"@graph\":[{\"@type\":\"WebPage\",\"@id\":\"https:\/\/quintadaqueiro.com\/en\/a-quinta\/\",\"url\":\"https:\/\/quintadaqueiro.com\/en\/a-quinta\/\",\"name\":\"The Farm - Quinta da Queir\u00f3- Empreendimento tur\u00edstico nas Sete Cidades, A\u00e7ores\",\"isPartOf\":{\"@id\":\"https:\/\/quintadaqueiro.com\/#website\"},\"datePublished\":\"2025-03-18T16:59:40+00:00\",\"dateModified\":\"2025-12-30T13:37:01+00:00\",\"description\":\"The Farm: Rural tourism category Country Houses. Book your dream vacation now in Sete Cidades, S\u00e3o Miguel, Azores!\",\"breadcrumb\":{\"@id\":\"https:\/\/quintadaqueiro.com\/en\/a-quinta\/#breadcrumb\"},\"inLanguage\":\"en-US\",\"potentialAction\":[{\"@type\":\"ReadAction\",\"target\":[\"https:\/\/quintadaqueiro.com\/en\/a-quinta\/\"]}]},{\"@type\":\"BreadcrumbList\",\"@id\":\"https:\/\/quintadaqueiro.com\/en\/a-quinta\/#breadcrumb\",\"itemListElement\":[{\"@type\":\"ListItem\",\"position\":1,\"name\":\"Home\",\"item\":\"https:\/\/quintadaqueiro.com\/en\/home\/\"},{\"@type\":\"ListItem\",\"position\":2,\"name\":\"The Farm\"}]},{\"@type\":\"WebSite\",\"@id\":\"https:\/\/quintadaqueiro.com\/#website\",\"url\":\"https:\/\/quintadaqueiro.com\/\",\"name\":\"Quinta da Queir\u00f3- Empreendimento tur\u00edstico nas Sete Cidades, A\u00e7ores\",\"description\":\"A Quinta da Queir\u00f3 \u00e9 um empreendimento de Turismo em Espa\u00e7o Rural_Casas de Campo, com caracter\u00edsticas \u00fanicas nas Sete Cidades.\",\"potentialAction\":[{\"@type\":\"SearchAction\",\"target\":{\"@type\":\"EntryPoint\",\"urlTemplate\":\"https:\/\/quintadaqueiro.com\/?s={search_term_string}\"},\"query-input\":\"required name=search_term_string\"}],\"inLanguage\":\"en-US\"}]}<\/script>\n<!-- \/ Yoast SEO Premium plugin. -->","yoast_head_json":{"title":"The Farm - Quinta da Queir\u00f3- Empreendimento tur\u00edstico nas Sete Cidades, A\u00e7ores","description":"The Farm: Rural tourism category Country Houses. Book your dream vacation now in Sete Cidades, S\u00e3o Miguel, Azores!","robots":{"index":"index","follow":"follow","max-snippet":"max-snippet:-1","max-image-preview":"max-image-preview:large","max-video-preview":"max-video-preview:-1"},"canonical":"https:\/\/quintadaqueiro.com\/en\/a-quinta\/","og_locale":"en_US","og_type":"article","og_title":"The Farm","og_description":"The Farm: Rural tourism category Country Houses. Book your dream vacation now in Sete Cidades, S\u00e3o Miguel, Azores!","og_url":"https:\/\/quintadaqueiro.com\/en\/a-quinta\/","og_site_name":"Quinta da Queir\u00f3- Empreendimento tur\u00edstico nas Sete Cidades, A\u00e7ores","article_modified_time":"2025-12-30T13:37:01+00:00","og_image":[{"width":1920,"height":1039,"url":"https:\/\/quintadaqueiro.com\/wp-content\/uploads\/2025\/03\/aquinta.jpg","type":"image\/jpeg"}],"twitter_card":"summary_large_image","twitter_misc":{"Est. reading time":"3 minutes"},"schema":{"@context":"https:\/\/schema.org","@graph":[{"@type":"WebPage","@id":"https:\/\/quintadaqueiro.com\/en\/a-quinta\/","url":"https:\/\/quintadaqueiro.com\/en\/a-quinta\/","name":"The Farm - Quinta da Queir\u00f3- Empreendimento tur\u00edstico nas Sete Cidades, A\u00e7ores","isPartOf":{"@id":"https:\/\/quintadaqueiro.com\/#website"},"datePublished":"2025-03-18T16:59:40+00:00","dateModified":"2025-12-30T13:37:01+00:00","description":"The Farm: Rural tourism category Country Houses. Book your dream vacation now in Sete Cidades, S\u00e3o Miguel, Azores!","breadcrumb":{"@id":"https:\/\/quintadaqueiro.com\/en\/a-quinta\/#breadcrumb"},"inLanguage":"en-US","potentialAction":[{"@type":"ReadAction","target":["https:\/\/quintadaqueiro.com\/en\/a-quinta\/"]}]},{"@type":"BreadcrumbList","@id":"https:\/\/quintadaqueiro.com\/en\/a-quinta\/#breadcrumb","itemListElement":[{"@type":"ListItem","position":1,"name":"Home","item":"https:\/\/quintadaqueiro.com\/en\/home\/"},{"@type":"ListItem","position":2,"name":"The Farm"}]},{"@type":"WebSite","@id":"https:\/\/quintadaqueiro.com\/#website","url":"https:\/\/quintadaqueiro.com\/","name":"Quinta da Queir\u00f3- Empreendimento tur\u00edstico nas Sete Cidades, A\u00e7ores","description":"A Quinta da Queir\u00f3 \u00e9 um empreendimento de Turismo em Espa\u00e7o Rural_Casas de Campo, com caracter\u00edsticas \u00fanicas nas Sete Cidades.","potentialAction":[{"@type":"SearchAction","target":{"@type":"EntryPoint","urlTemplate":"https:\/\/quintadaqueiro.com\/?s={search_term_string}"},"query-input":"required name=search_term_string"}],"inLanguage":"en-US"}]}},"_links":{"self":[{"href":"https:\/\/quintadaqueiro.com\/en\/wp-json\/wp\/v2\/pages\/200","targetHints":{"allow":["GET"]}}],"collection":[{"href":"https:\/\/quintadaqueiro.com\/en\/wp-json\/wp\/v2\/pages"}],"about":[{"href":"https:\/\/quintadaqueiro.com\/en\/wp-json\/wp\/v2\/types\/page"}],"author":[{"embeddable":true,"href":"https:\/\/quintadaqueiro.com\/en\/wp-json\/wp\/v2\/users\/1"}],"replies":[{"embeddable":true,"href":"https:\/\/quintadaqueiro.com\/en\/wp-json\/wp\/v2\/comments?post=200"}],"version-history":[{"count":4,"href":"https:\/\/quintadaqueiro.com\/en\/wp-json\/wp\/v2\/pages\/200\/revisions"}],"predecessor-version":[{"id":460,"href":"https:\/\/quintadaqueiro.com\/en\/wp-json\/wp\/v2\/pages\/200\/revisions\/460"}],"wp:featuredmedia":[{"embeddable":true,"href":"https:\/\/quintadaqueiro.com\/en\/wp-json\/wp\/v2\/media\/50"}],"wp:attachment":[{"href":"https:\/\/quintadaqueiro.com\/en\/wp-json\/wp\/v2\/media?parent=200"}],"curies":[{"name":"wp","href":"https:\/\/api.w.org\/{rel}","templated":true}]}}