{"id":239,"date":"2025-03-31T12:11:29","date_gmt":"2025-03-31T12:11:29","guid":{"rendered":"https:\/\/quintadaqueiro.com\/condicoes-de-reservas\/"},"modified":"2026-02-20T15:47:46","modified_gmt":"2026-02-20T15:47:46","slug":"condicoes-de-reservas","status":"publish","type":"page","link":"https:\/\/quintadaqueiro.com\/en\/condicoes-de-reservas\/","title":{"rendered":"Booking Conditions"},"content":{"rendered":"<p><strong>Reservation and cancellation conditions<\/strong><\/p>\n<p><strong>Check-in<\/strong><\/p>\n<p>From 3:00 p.m.<\/p>\n<p><strong>Check-out<\/strong><\/p>\n<p>Until 11:00 a.m.<\/p>\n<p><strong>Prepayment<\/strong><\/p>\n<p>To finalize your reservation, a prepayment of 50% of the total reservation amount is required.<\/p>\n<p><strong>Cancellation<\/strong><\/p>\n<p>The customer may cancel free of charge up to 15 days before the arrival date. If you cancel your reservation after 15 days, you will be charged the price of the first night of each house.<\/p>\n<p><strong>Extra beds<\/strong><\/p>\n<p>There is a charge of \u20ac15 per night for each extra bed.<\/p>\n<p>Maximum capacity of extra beds in the room: 1<\/p>\n<p>Any type of extra bed is only available upon request and must be confirmed by management.<\/p>\n<p>Supplements will not be automatically calculated in the total costs and must be paid separately during your stay.<\/p>\n<p><strong>Pets:<\/strong> not allowed.<\/p>\n<p>Non-smoking<\/p>\n<p><strong>Municipal Tourist Tax<\/strong><br \/>\nNot included in the reservation price.<br \/>\nIt will be requested at check-in, \u20ac2.00 per night, per guest aged 13 and over, with a maximum limit of 3 consecutive nights.<\/p>\n<p>&nbsp;<\/p>\n<p>&nbsp;<\/p>\n<p>&nbsp;<\/p>\n","protected":false},"excerpt":{"rendered":"<p>Reservation and cancellation conditions Check-in From 3:00 p.m. Check-out Until 11:00 a.m. Prepayment To finalize your reservation, a prepayment of 50% of the total reservation amount is required. Cancellation The customer may cancel free of charge up to 15 days before the arrival date. If you cancel your reservation after 15 days, you will be [&hellip;]<\/p>\n","protected":false},"author":1,"featured_media":0,"parent":0,"menu_order":0,"comment_status":"closed","ping_status":"closed","template":"","meta":{"footnotes":""},"class_list":["post-239","page","type-page","status-publish","hentry"],"acf":[],"yoast_head":"<!-- This site is optimized with the Yoast SEO Premium plugin v21.3 (Yoast SEO v21.3) - https:\/\/yoast.com\/wordpress\/plugins\/seo\/ -->\n<title>Booking Conditions - Quinta da Queir\u00f3- Empreendimento tur\u00edstico nas Sete Cidades, A\u00e7ores<\/title>\n<meta name=\"description\" content=\"Booking Conditions: Check out our cancellation and reservation policy here. We are flexible to ensure you have the best experience possible!\" \/>\n<meta name=\"robots\" content=\"index, follow, max-snippet:-1, max-image-preview:large, max-video-preview:-1\" \/>\n<link rel=\"canonical\" href=\"https:\/\/quintadaqueiro.com\/en\/condicoes-de-reservas\/\" \/>\n<meta property=\"og:locale\" content=\"en_US\" \/>\n<meta property=\"og:type\" content=\"article\" \/>\n<meta property=\"og:title\" content=\"Booking Conditions\" \/>\n<meta property=\"og:description\" content=\"Booking Conditions: Check out our cancellation and reservation policy here. We are flexible to ensure you have the best experience possible!\" \/>\n<meta property=\"og:url\" content=\"https:\/\/quintadaqueiro.com\/en\/condicoes-de-reservas\/\" \/>\n<meta property=\"og:site_name\" content=\"Quinta da Queir\u00f3- Empreendimento tur\u00edstico nas Sete Cidades, A\u00e7ores\" \/>\n<meta property=\"article:modified_time\" content=\"2026-02-20T15:47:46+00:00\" \/>\n<meta name=\"twitter:card\" content=\"summary_large_image\" \/>\n<meta name=\"twitter:label1\" content=\"Est. reading time\" \/>\n\t<meta name=\"twitter:data1\" content=\"1 minute\" \/>\n<script type=\"application\/ld+json\" class=\"yoast-schema-graph\">{\"@context\":\"https:\/\/schema.org\",\"@graph\":[{\"@type\":\"WebPage\",\"@id\":\"https:\/\/quintadaqueiro.com\/en\/condicoes-de-reservas\/\",\"url\":\"https:\/\/quintadaqueiro.com\/en\/condicoes-de-reservas\/\",\"name\":\"Booking Conditions - Quinta da Queir\u00f3- Empreendimento tur\u00edstico nas Sete Cidades, A\u00e7ores\",\"isPartOf\":{\"@id\":\"https:\/\/quintadaqueiro.com\/#website\"},\"datePublished\":\"2025-03-31T12:11:29+00:00\",\"dateModified\":\"2026-02-20T15:47:46+00:00\",\"description\":\"Booking Conditions: Check out our cancellation and reservation policy here. We are flexible to ensure you have the best experience possible!\",\"breadcrumb\":{\"@id\":\"https:\/\/quintadaqueiro.com\/en\/condicoes-de-reservas\/#breadcrumb\"},\"inLanguage\":\"en-US\",\"potentialAction\":[{\"@type\":\"ReadAction\",\"target\":[\"https:\/\/quintadaqueiro.com\/en\/condicoes-de-reservas\/\"]}]},{\"@type\":\"BreadcrumbList\",\"@id\":\"https:\/\/quintadaqueiro.com\/en\/condicoes-de-reservas\/#breadcrumb\",\"itemListElement\":[{\"@type\":\"ListItem\",\"position\":1,\"name\":\"Home\",\"item\":\"https:\/\/quintadaqueiro.com\/en\/home\/\"},{\"@type\":\"ListItem\",\"position\":2,\"name\":\"Booking Conditions\"}]},{\"@type\":\"WebSite\",\"@id\":\"https:\/\/quintadaqueiro.com\/#website\",\"url\":\"https:\/\/quintadaqueiro.com\/\",\"name\":\"Quinta da Queir\u00f3- Empreendimento tur\u00edstico nas Sete Cidades, A\u00e7ores\",\"description\":\"A Quinta da Queir\u00f3 \u00e9 um empreendimento de Turismo em Espa\u00e7o Rural_Casas de Campo, com caracter\u00edsticas \u00fanicas nas Sete Cidades.\",\"potentialAction\":[{\"@type\":\"SearchAction\",\"target\":{\"@type\":\"EntryPoint\",\"urlTemplate\":\"https:\/\/quintadaqueiro.com\/?s={search_term_string}\"},\"query-input\":\"required name=search_term_string\"}],\"inLanguage\":\"en-US\"}]}<\/script>\n<!-- \/ Yoast SEO Premium plugin. -->","yoast_head_json":{"title":"Booking Conditions - Quinta da Queir\u00f3- Empreendimento tur\u00edstico nas Sete Cidades, A\u00e7ores","description":"Booking Conditions: Check out our cancellation and reservation policy here. We are flexible to ensure you have the best experience possible!","robots":{"index":"index","follow":"follow","max-snippet":"max-snippet:-1","max-image-preview":"max-image-preview:large","max-video-preview":"max-video-preview:-1"},"canonical":"https:\/\/quintadaqueiro.com\/en\/condicoes-de-reservas\/","og_locale":"en_US","og_type":"article","og_title":"Booking Conditions","og_description":"Booking Conditions: Check out our cancellation and reservation policy here. We are flexible to ensure you have the best experience possible!","og_url":"https:\/\/quintadaqueiro.com\/en\/condicoes-de-reservas\/","og_site_name":"Quinta da Queir\u00f3- Empreendimento tur\u00edstico nas Sete Cidades, A\u00e7ores","article_modified_time":"2026-02-20T15:47:46+00:00","twitter_card":"summary_large_image","twitter_misc":{"Est. reading time":"1 minute"},"schema":{"@context":"https:\/\/schema.org","@graph":[{"@type":"WebPage","@id":"https:\/\/quintadaqueiro.com\/en\/condicoes-de-reservas\/","url":"https:\/\/quintadaqueiro.com\/en\/condicoes-de-reservas\/","name":"Booking Conditions - Quinta da Queir\u00f3- Empreendimento tur\u00edstico nas Sete Cidades, A\u00e7ores","isPartOf":{"@id":"https:\/\/quintadaqueiro.com\/#website"},"datePublished":"2025-03-31T12:11:29+00:00","dateModified":"2026-02-20T15:47:46+00:00","description":"Booking Conditions: Check out our cancellation and reservation policy here. We are flexible to ensure you have the best experience possible!","breadcrumb":{"@id":"https:\/\/quintadaqueiro.com\/en\/condicoes-de-reservas\/#breadcrumb"},"inLanguage":"en-US","potentialAction":[{"@type":"ReadAction","target":["https:\/\/quintadaqueiro.com\/en\/condicoes-de-reservas\/"]}]},{"@type":"BreadcrumbList","@id":"https:\/\/quintadaqueiro.com\/en\/condicoes-de-reservas\/#breadcrumb","itemListElement":[{"@type":"ListItem","position":1,"name":"Home","item":"https:\/\/quintadaqueiro.com\/en\/home\/"},{"@type":"ListItem","position":2,"name":"Booking Conditions"}]},{"@type":"WebSite","@id":"https:\/\/quintadaqueiro.com\/#website","url":"https:\/\/quintadaqueiro.com\/","name":"Quinta da Queir\u00f3- Empreendimento tur\u00edstico nas Sete Cidades, A\u00e7ores","description":"A Quinta da Queir\u00f3 \u00e9 um empreendimento de Turismo em Espa\u00e7o Rural_Casas de Campo, com caracter\u00edsticas \u00fanicas nas Sete Cidades.","potentialAction":[{"@type":"SearchAction","target":{"@type":"EntryPoint","urlTemplate":"https:\/\/quintadaqueiro.com\/?s={search_term_string}"},"query-input":"required name=search_term_string"}],"inLanguage":"en-US"}]}},"_links":{"self":[{"href":"https:\/\/quintadaqueiro.com\/en\/wp-json\/wp\/v2\/pages\/239","targetHints":{"allow":["GET"]}}],"collection":[{"href":"https:\/\/quintadaqueiro.com\/en\/wp-json\/wp\/v2\/pages"}],"about":[{"href":"https:\/\/quintadaqueiro.com\/en\/wp-json\/wp\/v2\/types\/page"}],"author":[{"embeddable":true,"href":"https:\/\/quintadaqueiro.com\/en\/wp-json\/wp\/v2\/users\/1"}],"replies":[{"embeddable":true,"href":"https:\/\/quintadaqueiro.com\/en\/wp-json\/wp\/v2\/comments?post=239"}],"version-history":[{"count":5,"href":"https:\/\/quintadaqueiro.com\/en\/wp-json\/wp\/v2\/pages\/239\/revisions"}],"predecessor-version":[{"id":917,"href":"https:\/\/quintadaqueiro.com\/en\/wp-json\/wp\/v2\/pages\/239\/revisions\/917"}],"wp:attachment":[{"href":"https:\/\/quintadaqueiro.com\/en\/wp-json\/wp\/v2\/media?parent=239"}],"curies":[{"name":"wp","href":"https:\/\/api.w.org\/{rel}","templated":true}]}}